{"id":66,"date":"2025-11-27T21:34:52","date_gmt":"2025-11-27T20:34:52","guid":{"rendered":"http:\/\/www.polstersbuchwelten.de\/?page_id=66"},"modified":"2026-03-05T10:20:40","modified_gmt":"2026-03-05T09:20:40","slug":"home","status":"publish","type":"page","link":"https:\/\/www.polstersbuchwelten.de\/","title":{"rendered":"Home"},"content":{"rendered":"\n<p><\/p>\n\n\n\n<h1 class=\"wp-block-heading has-text-align-center\">Sch\u00f6n, dass du da bist. <br>Willkommen auf meiner Autorenseite.<\/h1>\n\n\n\n<h2 class=\"wp-block-heading has-text-align-center\">Tritt ein, leg den Alltag f\u00fcr einen Moment ab<br>und f\u00fchl dich zu Hause zwischen meinen Worten.<\/h2>\n\n\n\n<h2 class=\"wp-block-heading has-text-align-center\">Sch\u00f6n, dass du den Weg hierher gefunden hast.<br>Ich schreibe Geschichten f\u00fcr Herz und Seele \u2013 <br>leise, dunkle, hoffnungsvolle und manchmal ganz kleine, warme Momente zwischen den Zeilen, <br>aber auch B\u00fccher f\u00fcr mehr Wissen.<\/h2>\n\n\n\n<h2 class=\"wp-block-heading has-text-align-center\">Hier wohnen Geschichten, die leise sind und laut,<br>die tr\u00f6sten, erinnern und dich ein kleines St\u00fcck begleiten.<\/h2>\n\n\n\n<h2 class=\"wp-block-heading has-text-align-center\">Ich stelle dir hier auf den folgenden Seiten ausf\u00fchrlicher meine B\u00fccher vor, <br>damit du genau wei\u00dft, was dich erwartet <br>und die du dann gern im Buchhandel erwerben kannst.<\/h2>\n\n\n\n<h2 class=\"wp-block-heading has-text-align-center\">Mach es dir gem\u00fctlich.<br>Ich schreibe f\u00fcr dich.<\/h2>\n\n\n\n<h2 class=\"wp-block-heading has-text-align-center\">Dein<br><strong>J\u00f6rg<\/strong><\/h2>\n\n\n\n<p><\/p>\n","protected":false},"excerpt":{"rendered":"<p>Sch\u00f6n, dass du da bist. Willkommen auf meiner Autorenseite. Tritt ein, leg den Alltag f\u00fcr einen Moment abund f\u00fchl dich zu Hause zwischen meinen Worten. Sch\u00f6n, dass du den Weg hierher gefunden hast.Ich schreibe Geschichten f\u00fcr Herz und Seele \u2013 leise, dunkle, hoffnungsvolle und manchmal ganz kleine, warme Momente zwischen den Zeilen, aber auch B\u00fccher [&hellip;]<\/p>\n","protected":false},"author":1,"featured_media":0,"parent":0,"menu_order":0,"comment_status":"closed","ping_status":"closed","template":"","meta":{"footnotes":""},"class_list":["post-66","page","type-page","status-publish","hentry","entry"],"_links":{"self":[{"href":"https:\/\/www.polstersbuchwelten.de\/index.php\/wp-json\/wp\/v2\/pages\/66","targetHints":{"allow":["GET"]}}],"collection":[{"href":"https:\/\/www.polstersbuchwelten.de\/index.php\/wp-json\/wp\/v2\/pages"}],"about":[{"href":"https:\/\/www.polstersbuchwelten.de\/index.php\/wp-json\/wp\/v2\/types\/page"}],"author":[{"embeddable":true,"href":"https:\/\/www.polstersbuchwelten.de\/index.php\/wp-json\/wp\/v2\/users\/1"}],"replies":[{"embeddable":true,"href":"https:\/\/www.polstersbuchwelten.de\/index.php\/wp-json\/wp\/v2\/comments?post=66"}],"version-history":[{"count":6,"href":"https:\/\/www.polstersbuchwelten.de\/index.php\/wp-json\/wp\/v2\/pages\/66\/revisions"}],"predecessor-version":[{"id":223,"href":"https:\/\/www.polstersbuchwelten.de\/index.php\/wp-json\/wp\/v2\/pages\/66\/revisions\/223"}],"wp:attachment":[{"href":"https:\/\/www.polstersbuchwelten.de\/index.php\/wp-json\/wp\/v2\/media?parent=66"}],"curies":[{"name":"wp","href":"https:\/\/api.w.org\/{rel}","templated":true}]}}